{"id":142,"date":"2019-11-27T14:09:16","date_gmt":"2019-11-27T13:09:16","guid":{"rendered":"https:\/\/clairmatin.be\/?page_id=142"},"modified":"2019-11-27T14:16:05","modified_gmt":"2019-11-27T13:16:05","slug":"politique-de-gestion-des-cookies","status":"publish","type":"page","link":"https:\/\/clairmatin.be\/?page_id=142","title":{"rendered":"Politique de gestion des cookies"},"content":{"rendered":"\n<p><strong>1. Qu\u2019est-ce qu\u2019un cookie ?<\/strong><br> Le terme\u202f\u00ab\u202fcookie\u202f\u00bb d\u00e9signe l\u2019ensemble des traceurs d\u00e9pos\u00e9s et\/ou lus, par exemple, lors de la consultation d\u2019un site Internet ou d\u2019une publicit\u00e9.<\/p>\n\n\n\n<p>Il s\u2019agit d\u2019une information d\u00e9pos\u00e9e sur le disque dur du terminal (ordinateur, tablette, mobile) de l\u2019internaute par le serveur du site.<\/p>\n\n\n\n<p>Il ne peut \u00eatre lu que par son \u00e9metteur et permet, pendant sa dur\u00e9e de validit\u00e9, de reconna\u00eetre votre navigateur pendant votre visite ou lors d\u2019une visite ult\u00e9rieure.<\/p>\n\n\n\n<p>Le cookie ne vous identifie pas personnellement mais uniquement le navigateur de votre terminal et n\u2019a acc\u00e8s \u00e0 aucune autre information se trouvant sur votre terminal.<\/p>\n\n\n\n<p>Les cookies assurent souvent une interaction g\u00e9n\u00e9ralement plus ais\u00e9e et plus rapide entre le visiteur et le site web (p.ex. un cookie qui retient la langue choisie de l\u2019internaute). En effet, ils m\u00e9morisent vos pr\u00e9f\u00e9rences et vous permettent ainsi d\u2019acc\u00e9l\u00e9rer vos acc\u00e8s ult\u00e9rieurs au site et de faciliter vos visites.<\/p>\n\n\n\n<p>De plus, ils peuvent vous aider \u00e0 naviguer entre les diff\u00e9rentes parties du site web. Certains cookies peuvent \u00e9galement \u00eatre utilis\u00e9s pour rendre le contenu d\u2019un site web ou la publicit\u00e9 pr\u00e9sente sur ce site, plus pertinents pour le visiteur et adapter le site web aux go\u00fbts personnels et aux besoins du visiteur.<\/p>\n\n\n\n<p><strong>2. Les refus des cookies<\/strong><br> Si vous refusez l&rsquo;enregistrement de certains types de cookies dans votre terminal, ou si vous supprimez ceux qui y sont enregistr\u00e9s, vous ne pourrez plus b\u00e9n\u00e9ficier d&rsquo;un certain nombre de fonctionnalit\u00e9s qui sont n\u00e9anmoins n\u00e9cessaires pour naviguer dans certains espaces de notre site. Tel serait le cas si vous tentiez d&rsquo;acc\u00e9der \u00e0 nos contenus ou services qui n\u00e9cessitent de vous identifier. Tel serait \u00e9galement le cas lorsque nous -ou nos prestataires- ne pourrions pas reconna\u00eetre, \u00e0 des fins de compatibilit\u00e9 technique, le type de navigateur utilis\u00e9 par votre terminal, ses param\u00e8tres de langue et d&rsquo;affichage ou le pays depuis lequel votre terminal semble connect\u00e9 \u00e0 Internet.<\/p>\n\n\n\n<p>Le cas \u00e9ch\u00e9ant, nous d\u00e9clinons toute responsabilit\u00e9 pour les cons\u00e9quences li\u00e9es au fonctionnement d\u00e9grad\u00e9 de nos services r\u00e9sultant de l&rsquo;impossibilit\u00e9 pour nous d&rsquo;enregistrer ou de consulter les cookies n\u00e9cessaires \u00e0 leur fonctionnement et que vous auriez refus\u00e9s ou supprim\u00e9s.<\/p>\n\n\n\n<p>Si vous souhaitez refuser les cookies commerciaux (entre autres Google), vous pouvez le faire \u00e0 l\u2019aide du site web ci-apr\u00e8s :\u202fhttp:\/\/www.youronlinechoices.com\/be-fr\/<\/p>\n\n\n\n<p><strong>3. Comment g\u00e9rer les cookies selon le navigateur que vous utilisez ?<\/strong><br> Pour la gestion des cookies et de vos choix, la configuration de chaque navigateur est diff\u00e9rente. Elle est d\u00e9crite dans le menu d&rsquo;aide de votre navigateur, qui vous permettra de savoir de quelle mani\u00e8re modifier vos souhaits en mati\u00e8re de cookies.<\/p>\n\n\n\n<p><em>Pour Internet Explorer :<\/em> http:\/\/windows.microsoft.com\/fr-FR\/windows-vista\/Block-or-allow-cookies<br> <em>Pour Safari :<\/em> https:\/\/support.apple.com\/fr-be\/guide\/safari\/sfri11471\/mac<br> <em>Pour Chrome :<\/em> http:\/\/support.google.com\/chrome\/bin\/answer.py?hl=fr&amp;hlrm=en&amp;answer=95647<br> <em>Pour Firefox :<\/em> https:\/\/support.mozilla.org\/fr\/kb\/autoriser-bloquer-cookies-preferences-sites<br> <em>Pour Opera :<\/em> https:\/\/help.opera.com\/en\/latest\/web-preferences\/#cookies<br> Pour les autres navigateurs : veuillez vous r\u00e9f\u00e9rer \u00e0 l\u2019aide de votre navigateur ou aller sur le site de son \u00e9diteur<\/p>\n","protected":false},"excerpt":{"rendered":"<p>1. Qu\u2019est-ce qu\u2019un cookie ? Le terme\u202f\u00ab\u202fcookie\u202f\u00bb d\u00e9signe l\u2019ensemble des traceurs d\u00e9pos\u00e9s et\/ou lus, par exemple, lors de la consultation d\u2019un site Internet ou d\u2019une publicit\u00e9. Il s\u2019agit d\u2019une information d\u00e9pos\u00e9e sur le disque dur du terminal (ordinateur, tablette, mobile) de l\u2019internaute par le serveur du site. Il ne peut \u00eatre lu que par son \u00e9metteur et permet, pendant sa dur\u00e9e de validit\u00e9, de reconna\u00eetre votre navigateur pendant votre visite ou lors d\u2019une visite ult\u00e9rieure. Le cookie ne vous identifie&#8230;<\/p>\n<p class=\"read-more\"><a class=\"btn btn-default\" href=\"https:\/\/clairmatin.be\/?page_id=142\">Lire la suite<span class=\"screen-reader-text\"> Lire la suite<\/span><\/a><\/p>\n","protected":false},"author":1,"featured_media":0,"parent":0,"menu_order":0,"comment_status":"closed","ping_status":"closed","template":"","meta":[],"_links":{"self":[{"href":"https:\/\/clairmatin.be\/index.php?rest_route=\/wp\/v2\/pages\/142"}],"collection":[{"href":"https:\/\/clairmatin.be\/index.php?rest_route=\/wp\/v2\/pages"}],"about":[{"href":"https:\/\/clairmatin.be\/index.php?rest_route=\/wp\/v2\/types\/page"}],"author":[{"embeddable":true,"href":"https:\/\/clairmatin.be\/index.php?rest_route=\/wp\/v2\/users\/1"}],"replies":[{"embeddable":true,"href":"https:\/\/clairmatin.be\/index.php?rest_route=%2Fwp%2Fv2%2Fcomments&post=142"}],"version-history":[{"count":2,"href":"https:\/\/clairmatin.be\/index.php?rest_route=\/wp\/v2\/pages\/142\/revisions"}],"predecessor-version":[{"id":147,"href":"https:\/\/clairmatin.be\/index.php?rest_route=\/wp\/v2\/pages\/142\/revisions\/147"}],"wp:attachment":[{"href":"https:\/\/clairmatin.be\/index.php?rest_route=%2Fwp%2Fv2%2Fmedia&parent=142"}],"curies":[{"name":"wp","href":"https:\/\/api.w.org\/{rel}","templated":true}]}}