{"id":29,"date":"2016-06-21T13:43:06","date_gmt":"2016-06-21T12:43:06","guid":{"rendered":"http:\/\/clairmatin.be\/?page_id=29"},"modified":"2019-07-26T10:37:12","modified_gmt":"2019-07-26T09:37:12","slug":"qui-sommes-nous","status":"publish","type":"page","link":"https:\/\/clairmatin.be\/?page_id=29","title":{"rendered":"Qui sommes-nous ?"},"content":{"rendered":"<p>Cr\u00e9\u00e9e par l\u2019ASBL \u00ab\u00a0\u0152uvres Sociales de l\u2019<a href=\"http:\/\/www.armeedusalut.be\">Arm\u00e9e du Salut<\/a> en Belgique\u00a0\u00bb, Clair Matin est un service r\u00e9sidentiel g\u00e9n\u00e9ral (SRG) qui est subsidi\u00e9 par le Minist\u00e8re de la Communaut\u00e9 Fran\u00e7aise.<\/p>\n<p>Notre Service peut accueillir jusqu\u2019\u00e0 42 enfants \u00e2g\u00e9s de 3 \u00e0 18 ans (mixte)<\/p>\n<p><img decoding=\"async\" loading=\"lazy\" class=\"size-medium wp-image-15 aligncenter\" src=\"http:\/\/clairmatin.be\/wp-content\/uploads\/2016\/06\/AdS_don-despoir_rouge_hor_grnd-300x144.jpg\" alt=\"AdS_don-despoir_rouge_hor_grnd\" width=\"300\" height=\"144\" srcset=\"https:\/\/clairmatin.be\/wp-content\/uploads\/2016\/06\/AdS_don-despoir_rouge_hor_grnd-300x144.jpg 300w, https:\/\/clairmatin.be\/wp-content\/uploads\/2016\/06\/AdS_don-despoir_rouge_hor_grnd-768x370.jpg 768w, https:\/\/clairmatin.be\/wp-content\/uploads\/2016\/06\/AdS_don-despoir_rouge_hor_grnd-700x337.jpg 700w, https:\/\/clairmatin.be\/wp-content\/uploads\/2016\/06\/AdS_don-despoir_rouge_hor_grnd-750x361.jpg 750w, https:\/\/clairmatin.be\/wp-content\/uploads\/2016\/06\/AdS_don-despoir_rouge_hor_grnd-400x192.jpg 400w, https:\/\/clairmatin.be\/wp-content\/uploads\/2016\/06\/AdS_don-despoir_rouge_hor_grnd-430x207.jpg 430w, https:\/\/clairmatin.be\/wp-content\/uploads\/2016\/06\/AdS_don-despoir_rouge_hor_grnd-150x72.jpg 150w, https:\/\/clairmatin.be\/wp-content\/uploads\/2016\/06\/AdS_don-despoir_rouge_hor_grnd-100x48.jpg 100w, https:\/\/clairmatin.be\/wp-content\/uploads\/2016\/06\/AdS_don-despoir_rouge_hor_grnd.jpg 2024w\" sizes=\"(max-width: 300px) 100vw, 300px\" \/><\/p>\n","protected":false},"excerpt":{"rendered":"<p>Cr\u00e9\u00e9e par l\u2019ASBL \u00ab\u00a0\u0152uvres Sociales de l\u2019Arm\u00e9e du Salut en Belgique\u00a0\u00bb, Clair Matin est un service r\u00e9sidentiel g\u00e9n\u00e9ral (SRG) qui est subsidi\u00e9 par le Minist\u00e8re de la Communaut\u00e9 Fran\u00e7aise. Notre Service peut accueillir jusqu\u2019\u00e0 42 enfants \u00e2g\u00e9s de 3 \u00e0 18 ans (mixte)<\/p>\n","protected":false},"author":1,"featured_media":0,"parent":0,"menu_order":1,"comment_status":"closed","ping_status":"closed","template":"","meta":[],"_links":{"self":[{"href":"https:\/\/clairmatin.be\/index.php?rest_route=\/wp\/v2\/pages\/29"}],"collection":[{"href":"https:\/\/clairmatin.be\/index.php?rest_route=\/wp\/v2\/pages"}],"about":[{"href":"https:\/\/clairmatin.be\/index.php?rest_route=\/wp\/v2\/types\/page"}],"author":[{"embeddable":true,"href":"https:\/\/clairmatin.be\/index.php?rest_route=\/wp\/v2\/users\/1"}],"replies":[{"embeddable":true,"href":"https:\/\/clairmatin.be\/index.php?rest_route=%2Fwp%2Fv2%2Fcomments&post=29"}],"version-history":[{"count":3,"href":"https:\/\/clairmatin.be\/index.php?rest_route=\/wp\/v2\/pages\/29\/revisions"}],"predecessor-version":[{"id":132,"href":"https:\/\/clairmatin.be\/index.php?rest_route=\/wp\/v2\/pages\/29\/revisions\/132"}],"wp:attachment":[{"href":"https:\/\/clairmatin.be\/index.php?rest_route=%2Fwp%2Fv2%2Fmedia&parent=29"}],"curies":[{"name":"wp","href":"https:\/\/api.w.org\/{rel}","templated":true}]}}