{"id":36,"date":"2016-06-21T13:51:48","date_gmt":"2016-06-21T12:51:48","guid":{"rendered":"http:\/\/clairmatin.be\/?page_id=36"},"modified":"2017-02-03T15:39:13","modified_gmt":"2017-02-03T14:39:13","slug":"faire-un-don","status":"publish","type":"page","link":"https:\/\/clairmatin.be\/?page_id=36","title":{"rendered":"Faire un don"},"content":{"rendered":"<p>Vous voulez nous faire un don ?<\/p>\n<p>Vous pouvez faire un don sur le num\u00e9ro de compte:\u00a0<strong>IBAN\u00a0: BE33 3100 3879 6046<\/strong><\/p>\n<p>Une attestation fiscale est possible \u00e0 partir de 40\u20ac!<\/p>\n<p>Vous avez des v\u00eatements (3-18 ans Filles\/Gar\u00e7on) &#8211; Mobilier &#8211; PC &#8211; Jouets &#8211; Jeux ext\u00e9rieur &#8211; &#8230;<\/p>\n<p>Remplissez les donn\u00e9es ci-dessous et nous prendrons contact avec vous.<\/p>\n\n<div class=\"wpcf7 no-js\" id=\"wpcf7-f44-o1\" lang=\"fr-FR\" dir=\"ltr\">\n<div class=\"screen-reader-response\"><p role=\"status\" aria-live=\"polite\" aria-atomic=\"true\"><\/p> <ul><\/ul><\/div>\n<form action=\"\/index.php?rest_route=%2Fwp%2Fv2%2Fpages%2F36#wpcf7-f44-o1\" method=\"post\" class=\"wpcf7-form init\" aria-label=\"Formulaire de contact\" novalidate=\"novalidate\" data-status=\"init\">\n<div style=\"display: none;\">\n<input type=\"hidden\" name=\"_wpcf7\" value=\"44\" \/>\n<input type=\"hidden\" name=\"_wpcf7_version\" value=\"5.8\" \/>\n<input type=\"hidden\" name=\"_wpcf7_locale\" value=\"fr_FR\" \/>\n<input type=\"hidden\" name=\"_wpcf7_unit_tag\" value=\"wpcf7-f44-o1\" \/>\n<input type=\"hidden\" name=\"_wpcf7_container_post\" value=\"0\" \/>\n<input type=\"hidden\" name=\"_wpcf7_posted_data_hash\" value=\"\" \/>\n<input type=\"hidden\" name=\"_wpcf7_recaptcha_response\" value=\"\" \/>\n<\/div>\n<p>Votre nom (obligatoire)\n<\/p>\n<p><span class=\"wpcf7-form-control-wrap\" data-name=\"your-name\"><input size=\"40\" class=\"wpcf7-form-control wpcf7-text wpcf7-validates-as-required\" aria-required=\"true\" aria-invalid=\"false\" value=\"\" type=\"text\" name=\"your-name\" \/><\/span>\n<\/p>\n<p>Votre email (obligatoire)\n<\/p>\n<p><span class=\"wpcf7-form-control-wrap\" data-name=\"your-email\"><input size=\"40\" class=\"wpcf7-form-control wpcf7-email wpcf7-validates-as-required wpcf7-text wpcf7-validates-as-email\" aria-required=\"true\" aria-invalid=\"false\" value=\"\" type=\"email\" name=\"your-email\" \/><\/span>\n<\/p>\n<p><span class=\"wpcf7-form-control-wrap\" data-name=\"checkbox-336\"><span class=\"wpcf7-form-control wpcf7-checkbox wpcf7-validates-as-required\"><span class=\"wpcf7-list-item first\"><span class=\"wpcf7-list-item-label\">V\u00eatements<\/span><input type=\"checkbox\" name=\"checkbox-336[]\" value=\"V\u00eatements\" \/><\/span><span class=\"wpcf7-list-item\"><span class=\"wpcf7-list-item-label\">Mobilier<\/span><input type=\"checkbox\" name=\"checkbox-336[]\" value=\"Mobilier\" \/><\/span><span class=\"wpcf7-list-item\"><span class=\"wpcf7-list-item-label\">Multim\u00e9dias<\/span><input type=\"checkbox\" name=\"checkbox-336[]\" value=\"Multim\u00e9dias\" \/><\/span><span class=\"wpcf7-list-item\"><span class=\"wpcf7-list-item-label\">Jouets<\/span><input type=\"checkbox\" name=\"checkbox-336[]\" value=\"Jouets\" \/><\/span><span class=\"wpcf7-list-item last\"><span class=\"wpcf7-list-item-label\">Autres<\/span><input type=\"checkbox\" name=\"checkbox-336[]\" value=\"Autres\" \/><\/span><\/span><\/span>\n<\/p>\n<p>Votre message\n<\/p>\n<p><span class=\"wpcf7-form-control-wrap\" data-name=\"your-message\"><textarea cols=\"40\" rows=\"10\" class=\"wpcf7-form-control wpcf7-textarea\" aria-invalid=\"false\" name=\"your-message\"><\/textarea><\/span>\n<\/p>\n<p><input class=\"wpcf7-form-control wpcf7-submit has-spinner\" type=\"submit\" value=\"Envoyer\" \/>\n<\/p><div class=\"wpcf7-response-output\" aria-hidden=\"true\"><\/div>\n<\/form>\n<\/div>\n\n<p style=\"text-align: center;\">Merci pour votre soutien!<\/p>\n<p style=\"text-align: center;\"><img decoding=\"async\" loading=\"lazy\" class=\"size-medium wp-image-37 aligncenter\" src=\"http:\/\/clairmatin.be\/wp-content\/uploads\/2016\/06\/demander-de-laide-300x232.jpg\" alt=\"demander-de-laide\" width=\"300\" height=\"232\" srcset=\"https:\/\/clairmatin.be\/wp-content\/uploads\/2016\/06\/demander-de-laide-300x232.jpg 300w, https:\/\/clairmatin.be\/wp-content\/uploads\/2016\/06\/demander-de-laide-768x593.jpg 768w, https:\/\/clairmatin.be\/wp-content\/uploads\/2016\/06\/demander-de-laide-700x541.jpg 700w, https:\/\/clairmatin.be\/wp-content\/uploads\/2016\/06\/demander-de-laide-750x579.jpg 750w, https:\/\/clairmatin.be\/wp-content\/uploads\/2016\/06\/demander-de-laide-400x309.jpg 400w, https:\/\/clairmatin.be\/wp-content\/uploads\/2016\/06\/demander-de-laide-430x332.jpg 430w, https:\/\/clairmatin.be\/wp-content\/uploads\/2016\/06\/demander-de-laide-150x116.jpg 150w, https:\/\/clairmatin.be\/wp-content\/uploads\/2016\/06\/demander-de-laide-100x77.jpg 100w\" sizes=\"(max-width: 300px) 100vw, 300px\" \/><\/p>\n","protected":false},"excerpt":{"rendered":"<p>Vous voulez nous faire un don ? Vous pouvez faire un don sur le num\u00e9ro de compte:\u00a0IBAN\u00a0: BE33 3100 3879 6046 Une attestation fiscale est possible \u00e0 partir de 40\u20ac! Vous avez des v\u00eatements (3-18 ans Filles\/Gar\u00e7on) &#8211; Mobilier &#8211; PC &#8211; Jouets &#8211; Jeux ext\u00e9rieur &#8211; &#8230; Remplissez les donn\u00e9es ci-dessous et nous prendrons contact avec vous. Merci pour votre soutien!<\/p>\n","protected":false},"author":1,"featured_media":0,"parent":0,"menu_order":4,"comment_status":"closed","ping_status":"closed","template":"","meta":[],"_links":{"self":[{"href":"https:\/\/clairmatin.be\/index.php?rest_route=\/wp\/v2\/pages\/36"}],"collection":[{"href":"https:\/\/clairmatin.be\/index.php?rest_route=\/wp\/v2\/pages"}],"about":[{"href":"https:\/\/clairmatin.be\/index.php?rest_route=\/wp\/v2\/types\/page"}],"author":[{"embeddable":true,"href":"https:\/\/clairmatin.be\/index.php?rest_route=\/wp\/v2\/users\/1"}],"replies":[{"embeddable":true,"href":"https:\/\/clairmatin.be\/index.php?rest_route=%2Fwp%2Fv2%2Fcomments&post=36"}],"version-history":[{"count":7,"href":"https:\/\/clairmatin.be\/index.php?rest_route=\/wp\/v2\/pages\/36\/revisions"}],"predecessor-version":[{"id":109,"href":"https:\/\/clairmatin.be\/index.php?rest_route=\/wp\/v2\/pages\/36\/revisions\/109"}],"wp:attachment":[{"href":"https:\/\/clairmatin.be\/index.php?rest_route=%2Fwp%2Fv2%2Fmedia&parent=36"}],"curies":[{"name":"wp","href":"https:\/\/api.w.org\/{rel}","templated":true}]}}